{"id":25,"date":"2013-12-03T22:20:25","date_gmt":"2013-12-03T22:20:25","guid":{"rendered":"http:\/\/localhost\/wp-faculty\/?page_id=25"},"modified":"2024-01-04T23:45:58","modified_gmt":"2024-01-04T23:45:58","slug":"teaching","status":"publish","type":"page","link":"https:\/\/www.compoundingineurope.com\/index.php\/teaching\/","title":{"rendered":"Lectures"},"content":{"rendered":"<div class=\"wpb-content-wrapper\"><p>[vc_row][vc_column]<h1 class=\"fac-title text-center\" style=\"color:#4b4b4b\">Conferences Overseas<\/h1>\n<ul class=\"ul-dates \">\n\t\t\t<li class=\"\">\n\t\t\t\t<div class=\"dates\"><span>Argentina<\/span><span>2023<\/span><\/div>\n\t\t\t\t<div class=\"content\"><h4>Formulaci\u00f3n magistral en el siglo XXI: veh\u00edculos y tecnolog\u00eda avanzados<\/h4><p>4o Congreso de Preparaciones en Farmacia (Virtual)<\/p><\/div>\n\t\t\t<\/li>\n\t\t\t<li class=\"\">\n\t\t\t\t<div class=\"dates\"><span>Argentina<\/span><span>2021<\/span><\/div>\n\t\t\t\t<div class=\"content\"><h4>Rol del farmac\u00e9utico en la investigaci\u00f3n de la seguridad y eficacia de f\u00f3rmulas magistrales<\/h4><p>3er Congreso de Preparaciones en Farmacia (Virtual)<\/p><\/div>\n\t\t\t<\/li>\n\t\t\t<li class=\"\">\n\t\t\t\t<div class=\"dates\"><span>USA<\/span><span>2018<\/span><\/div>\n\t\t\t\t<div class=\"content\"><h4>From science to practice: bringing our innovation to your patients<\/h4><p>PCCA International Seminar 2018<\/p><\/div>\n\t\t\t<\/li>\n\t\t\t<li class=\"\">\n\t\t\t\t<div class=\"dates\"><span>USA<\/span><span>2014<\/span><\/div>\n\t\t\t\t<div class=\"content\"><h4>PCCA Science and patient case studies<\/h4><p>PCCA International Seminar 2014<\/p><\/div>\n\t\t\t<\/li>\n\t\t\t<li class=\"\">\n\t\t\t\t<div class=\"dates\"><span>Brazil<\/span><span>2008<\/span><\/div>\n\t\t\t\t<div class=\"content\"><h4>Medicamentos manipulados na Europa<\/h4><p>31\u00b0 Encontro Catarinense de Hospitais e Prestadores de Servi\u00e7os de Sa\u00fade<\/p><\/div>\n\t\t\t<\/li><\/ul><h1 class=\"fac-title text-center\" style=\"color:#4b4b4b\">Conferences in Europe<\/h1>\n<ul class=\"ul-dates \">\n\t\t\t<li class=\"\">\n\t\t\t\t<div class=\"dates\"><span>Portugal<\/span><span>2023<\/span><\/div>\n\t\t\t\t<div class=\"content\"><h4>Medicamentos personalizados: regresso ao futuro<\/h4><p>FFUP Semin\u00e1rio VI - Medicamentos e Sa\u00fade Personalizada e Integrativa<\/p><\/div>\n\t\t\t<\/li>\n\t\t\t<li class=\"\">\n\t\t\t\t<div class=\"dates\"><span>Germany<\/span><span>2015<\/span><\/div>\n\t\t\t\t<div class=\"content\"><h4><a href=\"http:\/\/quadia.webtvframework.com\/farma_actueel\/_app\/presentation\/?offset=0&id=1075060&autoplay=true\" target=\"\">To the best interest of the patient: pharmacist\/prescriber cooperation in compounding<\/a><\/h4><p>75th FIP World Congress, B6: Compounding \u2013 a Core Competence of the Pharmacist<\/p><\/div>\n\t\t\t<\/li>\n\t\t\t<li class=\"\">\n\t\t\t\t<div class=\"dates\"><span>Holland<\/span><span>2014<\/span><\/div>\n\t\t\t\t<div class=\"content\"><h4>Evaluation of the in vitro skin percutaneous absorption of ketamine, gabapentin, clonidine and baclofen using the Franz Skin Dose Model<\/h4><p>4th Biannual International Multidisciplinary Pain Congress<\/p><\/div>\n\t\t\t<\/li>\n\t\t\t<li class=\"\">\n\t\t\t\t<div class=\"dates\"><span>Ireland<\/span><span>2013<\/span><\/div>\n\t\t\t\t<div class=\"content\"><h4>When not to compound and considerations before compounding<\/h4><p>73rd FIP World Congress, C9: The Role of Compounding in Closing Therapeutic Gaps<\/p><\/div>\n\t\t\t<\/li>\n\t\t\t<li class=\"\">\n\t\t\t\t<div class=\"dates\"><span>Spain<\/span><span>2013<\/span><\/div>\n\t\t\t\t<div class=\"content\"><h4>Experiencias Europeas en formulaci\u00f3n. Perspectivas de futuro<\/h4><p>INFARMA: Encuentro Europeo de Farmacia<\/p><\/div>\n\t\t\t<\/li>\n\t\t\t<li class=\"\">\n\t\t\t\t<div class=\"dates\"><span>France<\/span><span>2011<\/span><\/div>\n\t\t\t\t<div class=\"content\"><h4>Extemporaneous preparations: compounding in Europe<\/h4><p>EDQM Workshop on the Elaboration of a European Formulary for Paediatric Formulations<\/p><\/div>\n\t\t\t<\/li>\n\t\t\t<li class=\"\">\n\t\t\t\t<div class=\"dates\"><span>France<\/span><span>2011<\/span><\/div>\n\t\t\t\t<div class=\"content\"><h4>Extemporaneous compounding in Europe<\/h4><p>3rd Conference of the EuPFI: Formulating Better Medicines for Children<\/p><\/div>\n\t\t\t<\/li>\n\t\t\t<li class=\"\">\n\t\t\t\t<div class=\"dates\"><span>Spain<\/span><span>2011<\/span><\/div>\n\t\t\t\t<div class=\"content\"><h4>Formulario M\u00e9dico-Farmac\u00e9utico<\/h4><p>III Symposium Rafael Alvarez Colunga, AFA: Formulaci\u00f3n Pedi\u00e1trica Unificaci\u00f3n de Criterios<\/p><\/div>\n\t\t\t<\/li>\n\t\t\t<li class=\"\">\n\t\t\t\t<div class=\"dates\"><span>Portugal<\/span><span>2010<\/span><\/div>\n\t\t\t\t<div class=\"content\"><h4>Medicamentos manipulados: realidade Europeia<\/h4><p>Semin\u00e1rio UFP: Medicamentos Manipulados<\/p><\/div>\n\t\t\t<\/li>\n\t\t\t<li class=\"\">\n\t\t\t\t<div class=\"dates\"><span>France<\/span><span>2009<\/span><\/div>\n\t\t\t\t<div class=\"content\"><h4>Common language \u2013 the basis for understanding and cooperation<\/h4><p>EDQM Expert Workshop: Promoting Standards for the Quality and Safety Assurance of Pharmacy-Prepared Medicinal Products for the Needs of Patients<\/p><\/div>\n\t\t\t<\/li>\n\t\t\t<li class=\"\">\n\t\t\t\t<div class=\"dates\"><span>Denmark<\/span><span>2009<\/span><\/div>\n\t\t\t\t<div class=\"content\"><h4>Extemporaneously compounded oral medicines in European hospital pharmacies<\/h4><p>ULLA Symposium: Crossing Borders<\/p><\/div>\n\t\t\t<\/li>\n\t\t\t<li class=\"\">\n\t\t\t\t<div class=\"dates\"><span>Portugal<\/span><span>2009<\/span><\/div>\n\t\t\t\t<div class=\"content\"><h4>A realidade Europeia dos medicamentos manipulados<\/h4><p>Simp\u00f3sio UFP: Novos Medicamentos Manipulados e Novos Sistemas Terap\u00eauticos<\/p><\/div>\n\t\t\t<\/li>\n\t\t\t<li class=\"\">\n\t\t\t\t<div class=\"dates\"><span>UK<\/span><span>2009<\/span><\/div>\n\t\t\t\t<div class=\"content\"><h4>Extemporaneous preparations: current practices in Europe<\/h4><p>1st Conference of the EuPFI: Formulating Better Medicines for Children<\/p><\/div>\n\t\t\t<\/li>\n\t\t\t<li class=\"\">\n\t\t\t\t<div class=\"dates\"><span>Spain<\/span><span>2005<\/span><\/div>\n\t\t\t\t<div class=\"content\"><h4>Presente y futuro en nuestro laboratorio de formulaci\u00f3n<\/h4><p>X Congreso de Formulaci\u00f3n Magistral AEFF: Origen y Futuro<\/p><\/div>\n\t\t\t<\/li>\n\t\t\t<li class=\"\">\n\t\t\t\t<div class=\"dates\"><span>Portugal<\/span><span>2005<\/span><\/div>\n\t\t\t\t<div class=\"content\"><h4>Medicamentos manipulados a n\u00edvel internacional<\/h4><p>Simp\u00f3sio UFP: Os Medicamentos Manipulados<\/p><\/div>\n\t\t\t<\/li>\n\t\t\t<li class=\"\">\n\t\t\t\t<div class=\"dates\"><span>Spain<\/span><span>2005<\/span><\/div>\n\t\t\t\t<div class=\"content\"><h4>Exposici\u00f3n de preparados oficinales autorizados<\/h4><p>Fin de Semana Formulista AEFF<\/p><\/div>\n\t\t\t<\/li>\n\t\t\t<li class=\"\">\n\t\t\t\t<div class=\"dates\"><span>Portugal<\/span><span>2004<\/span><\/div>\n\t\t\t\t<div class=\"content\"><h4>Solu\u00e7\u00f5es por medida<\/h4><p>V Congresso Nacional APFH, Workshop: Medicamentos para Grupos Especiais \u2013 Manipulados em Farm\u00e1cia Hospitalar<\/p><\/div>\n\t\t\t<\/li>\n\t\t\t<li class=\"\">\n\t\t\t\t<div class=\"dates\"><span>Portugal<\/span><span>2004<\/span><\/div>\n\t\t\t\t<div class=\"content\"><h4>A experi\u00eancia de um est\u00e1gio nos EUA<\/h4><p>Congresso Cient\u00edfico FFUP: Gen\u00e9ricos e Manipulados: Medicamentos com Futuro<\/p><\/div>\n\t\t\t<\/li><\/ul>[vc_empty_space][vc_text_separator title=&#8221;Last update: January 2024&#8243;][\/vc_column][\/vc_row]<\/p>\n<\/div>","protected":false},"excerpt":{"rendered":"<p>[vc_row][vc_column][vc_empty_space][vc_text_separator title=&#8221;Last update: January 2024&#8243;][\/vc_column][\/vc_row]<\/p>\n","protected":false},"author":3,"featured_media":0,"parent":0,"menu_order":3,"comment_status":"open","ping_status":"closed","template":"page-pagebuilder.php","meta":{"om_disable_all_campaigns":false,"_monsterinsights_skip_tracking":false,"_monsterinsights_sitenote_active":false,"_monsterinsights_sitenote_note":"","_monsterinsights_sitenote_category":0,"footnotes":""},"aioseo_notices":[],"_links":{"self":[{"href":"https:\/\/www.compoundingineurope.com\/index.php\/wp-json\/wp\/v2\/pages\/25"}],"collection":[{"href":"https:\/\/www.compoundingineurope.com\/index.php\/wp-json\/wp\/v2\/pages"}],"about":[{"href":"https:\/\/www.compoundingineurope.com\/index.php\/wp-json\/wp\/v2\/types\/page"}],"author":[{"embeddable":true,"href":"https:\/\/www.compoundingineurope.com\/index.php\/wp-json\/wp\/v2\/users\/3"}],"replies":[{"embeddable":true,"href":"https:\/\/www.compoundingineurope.com\/index.php\/wp-json\/wp\/v2\/comments?post=25"}],"version-history":[{"count":27,"href":"https:\/\/www.compoundingineurope.com\/index.php\/wp-json\/wp\/v2\/pages\/25\/revisions"}],"predecessor-version":[{"id":2673,"href":"https:\/\/www.compoundingineurope.com\/index.php\/wp-json\/wp\/v2\/pages\/25\/revisions\/2673"}],"wp:attachment":[{"href":"https:\/\/www.compoundingineurope.com\/index.php\/wp-json\/wp\/v2\/media?parent=25"}],"curies":[{"name":"wp","href":"https:\/\/api.w.org\/{rel}","templated":true}]}}