{"id":2115,"date":"2018-02-25T18:02:35","date_gmt":"2018-02-25T18:02:35","guid":{"rendered":"http:\/\/www.compoundingineurope.com\/?page_id=2115"},"modified":"2018-12-07T12:54:06","modified_gmt":"2018-12-07T12:54:06","slug":"organizations","status":"publish","type":"page","link":"https:\/\/www.compoundingineurope.com\/index.php\/organizations\/","title":{"rendered":"Organizations"},"content":{"rendered":"<div class=\"wpb-content-wrapper\"><p>[vc_row][vc_column]<h1 class=\"fac-big-title fac-title text-left\" style=\"color:#4b4b4b\">Organizations<\/h1>\n[vc_column_text]<\/p>\n<h3 style=\"text-align: left;\"><em>professional organizations dedicated to pharmaceutical compounding<\/em><\/h3>\n<p>[\/vc_column_text][\/vc_column][\/vc_row][vc_row][vc_column]<ul class=\"ul-boxed list-unstyled\"><li class=\"\"><\/p>\n<h3>ACA<\/h3>\n<p><em>American College of Apothecaries<\/em><\/p>\n<p><a href=\"https:\/\/acainfo.org\/aca\/\">https:\/\/acainfo.org\/aca\/<\/a><\/li><\/ul><ul class=\"ul-boxed list-unstyled\"><li class=\"\"><\/p>\n<h3>ACPC<\/h3>\n<p><em>Association of Compounding Pharmacists of Canada<\/em><\/p>\n<p><a href=\"http:\/\/acpcrx.org\/\">http:\/\/acpcrx.org\/<\/a><\/li><\/ul><ul class=\"ul-boxed list-unstyled\"><li class=\"\"><\/p>\n<h3>AEFF (now LaSEMI)<\/h3>\n<p><em>Asociaci\u00f3n Espa\u00f1ola de Farmac\u00e9uticos Formulistas<\/em><\/li><\/ul><ul class=\"ul-boxed list-unstyled\"><li class=\"\"><\/p>\n<h3>AFA<\/h3>\n<p><em>Asociaci\u00f3n de Formulistas de Andaluc\u00eda<\/em><\/p>\n<p><a href=\"http:\/\/www.formulistasdeandalucia.es\/\">http:\/\/www.formulistasdeandalucia.es\/<\/a><\/li><\/ul><ul class=\"ul-boxed list-unstyled\"><li class=\"\"><\/p>\n<h3>Anfarmag<\/h3>\n<p><em>Associa\u00e7\u00e3o Nacional de Farmac\u00eauticos Magistrais<\/em><\/p>\n<p><a href=\"http:\/\/www.anfarmag.com.br\/\">http:\/\/www.anfarmag.com.br\/<\/a><\/li><\/ul><ul class=\"ul-boxed list-unstyled\"><li class=\"\"><\/p>\n<h3>ASCP<\/h3>\n<p><em>Australian Society of Compounding Pharmacists<\/em><\/p>\n<p><a href=\"https:\/\/ascp.net.au\/\">https:\/\/ascp.net.au\/<\/a><\/li><\/ul><ul class=\"ul-boxed list-unstyled\"><li class=\"\"><\/p>\n<h3>Formular<\/h3>\n<p><em>Asociaci\u00f3n Civil de Farmac\u00e9uticos Formulistas Argentinos<\/em><\/p>\n<p><a href=\"http:\/\/www.formular.org.ar\/\">http:\/\/www.formular.org.ar\/<\/a><\/li><\/ul><ul class=\"ul-boxed list-unstyled\"><li class=\"\"><\/p>\n<h3>IACP<\/h3>\n<p><em>International Academy of Compounding Pharmacists<\/em><\/p>\n<p><a href=\"http:\/\/www.iacprx.org\/\">http:\/\/www.iacprx.org\/<\/a><\/li><\/ul><ul class=\"ul-boxed list-unstyled\"><li class=\"\"><\/p>\n<h3>ISPhC<\/h3>\n<p><em>International Society of Pharmaceutical Compounding<\/em><\/p>\n<p><a href=\"http:\/\/www.isphc.org\/\">http:\/\/www.isphc.org\/<\/a><\/li><\/ul><ul class=\"ul-boxed list-unstyled\"><li class=\"\"><\/p>\n<h3>LaSEMI (former AEFF)<\/h3>\n<p><em>La Sociedad Espa\u00f1ola del Medicamento Individualizado<\/em><\/p>\n<p><a href=\"https:\/\/www.lasemi.es\/\">https:\/\/www.lasemi.es\/#<\/a><\/li><\/ul><ul class=\"ul-boxed list-unstyled\"><li class=\"\"><\/p>\n<h3>SIFAP<\/h3>\n<p><em>Societ\u00e0 Italiana Farmacisti Preparatori<\/em><\/p>\n<p><a href=\"https:\/\/www.sifap.org\/\">https:\/\/www.sifap.org\/<\/a><\/li><\/ul><ul class=\"ul-boxed list-unstyled\"><li class=\"\"><\/p>\n<h3>SOTP<\/h3>\n<p><em>Soci\u00e9t\u00e9 des Officinaux sous-Traitants en Pr\u00e9parations<\/em><\/p>\n<p><a href=\"http:\/\/www.preparationmagistrale.fr\/\">http:\/\/www.preparationmagistrale.fr\/<\/a><\/li><\/ul>[vc_empty_space][vc_text_separator title=&#8221;Last update: December 2018&#8243;][\/vc_column][\/vc_row][vc_row][vc_column][\/vc_column][\/vc_row]<\/p>\n<\/div>","protected":false},"excerpt":{"rendered":"<p>[vc_row][vc_column][vc_column_text] professional organizations dedicated to pharmaceutical compounding [\/vc_column_text][\/vc_column][\/vc_row][vc_row][vc_column][vc_empty_space][vc_text_separator title=&#8221;Last update: December 2018&#8243;][\/vc_column][\/vc_row][vc_row][vc_column][\/vc_column][\/vc_row]<\/p>\n","protected":false},"author":3,"featured_media":0,"parent":0,"menu_order":0,"comment_status":"closed","ping_status":"closed","template":"page-pagebuilder.php","meta":{"om_disable_all_campaigns":false,"_monsterinsights_skip_tracking":false,"_monsterinsights_sitenote_active":false,"_monsterinsights_sitenote_note":"","_monsterinsights_sitenote_category":0,"footnotes":""},"aioseo_notices":[],"_links":{"self":[{"href":"https:\/\/www.compoundingineurope.com\/index.php\/wp-json\/wp\/v2\/pages\/2115"}],"collection":[{"href":"https:\/\/www.compoundingineurope.com\/index.php\/wp-json\/wp\/v2\/pages"}],"about":[{"href":"https:\/\/www.compoundingineurope.com\/index.php\/wp-json\/wp\/v2\/types\/page"}],"author":[{"embeddable":true,"href":"https:\/\/www.compoundingineurope.com\/index.php\/wp-json\/wp\/v2\/users\/3"}],"replies":[{"embeddable":true,"href":"https:\/\/www.compoundingineurope.com\/index.php\/wp-json\/wp\/v2\/comments?post=2115"}],"version-history":[{"count":43,"href":"https:\/\/www.compoundingineurope.com\/index.php\/wp-json\/wp\/v2\/pages\/2115\/revisions"}],"predecessor-version":[{"id":2522,"href":"https:\/\/www.compoundingineurope.com\/index.php\/wp-json\/wp\/v2\/pages\/2115\/revisions\/2522"}],"wp:attachment":[{"href":"https:\/\/www.compoundingineurope.com\/index.php\/wp-json\/wp\/v2\/media?parent=2115"}],"curies":[{"name":"wp","href":"https:\/\/api.w.org\/{rel}","templated":true}]}}